{"id":5834,"date":"2020-04-27T12:36:14","date_gmt":"2020-04-27T12:36:14","guid":{"rendered":"https:\/\/restorankolo.com\/?page_id=5834"},"modified":"2023-09-29T16:11:25","modified_gmt":"2023-09-29T16:11:25","slug":"o-nama","status":"publish","type":"page","link":"https:\/\/restorankolo.com\/sr\/o-nama\/","title":{"rendered":"O nama"},"content":{"rendered":"\t\t<div data-elementor-type=\"wp-page\" data-elementor-id=\"5834\" class=\"elementor elementor-5834\">\n\t\t\t\t\t\t<section class=\"elementor-section elementor-top-section elementor-element elementor-element-47c2e72 eltdf-elementor-row-grid-section elementor-section-boxed elementor-section-height-default elementor-section-height-default eltdf-parallax-row-no eltdf-content-aligment-left eltdf-disabled-bg-image-bellow-no\" data-id=\"47c2e72\" data-element_type=\"section\" data-e-type=\"section\">\n\t\t\t\t\t\t<div class=\"elementor-container elementor-column-gap-default\">\n\t\t\t\t\t<div class=\"elementor-column elementor-col-50 elementor-top-column elementor-element elementor-element-7f60566\" data-id=\"7f60566\" data-element_type=\"column\" data-e-type=\"column\">\n\t\t\t<div class=\"elementor-widget-wrap elementor-element-populated\">\n\t\t\t\t\t\t<div class=\"elementor-element elementor-element-6f97b46 elementor-widget__width-auto elementor-widget elementor-widget-eltdf_section_title\" data-id=\"6f97b46\" data-element_type=\"widget\" data-e-type=\"widget\" data-widget_type=\"eltdf_section_title.default\">\n\t\t\t\t<div class=\"elementor-widget-container\">\n\t\t\t\t\t<div class=\"eltdf-section-title-holder    \" style=\"text-align: center\">\n\t<div class=\"eltdf-st-inner\">\n                    <span class=\"eltdf-st-tagline\">\n                Restoran KOLO            <\/span>\n        \t\t            <div class=\"eltdf-st-title-holder\">\n                                <h2 class=\"eltdf-st-title\" >\n                    o nama                <\/h2>\n                            <\/div>\n\t\t\t\t\t\t\t<\/div>\n<\/div>\t\t\t\t<\/div>\n\t\t\t\t<\/div>\n\t\t\t\t<section class=\"elementor-section elementor-inner-section elementor-element elementor-element-d635c98 elementor-section-boxed elementor-section-height-default elementor-section-height-default eltdf-parallax-row-no eltdf-content-aligment-left eltdf-elementor-row-grid-no eltdf-disabled-bg-image-bellow-no\" data-id=\"d635c98\" data-element_type=\"section\" data-e-type=\"section\">\n\t\t\t\t\t\t<div class=\"elementor-container elementor-column-gap-default\">\n\t\t\t\t\t<div class=\"elementor-column elementor-col-100 elementor-inner-column elementor-element elementor-element-92c2f05\" data-id=\"92c2f05\" data-element_type=\"column\" data-e-type=\"column\">\n\t\t\t<div class=\"elementor-widget-wrap elementor-element-populated\">\n\t\t\t\t\t\t<div class=\"elementor-element elementor-element-54bd162 elementor-widget elementor-widget-text-editor\" data-id=\"54bd162\" data-element_type=\"widget\" data-e-type=\"widget\" data-widget_type=\"text-editor.default\">\n\t\t\t\t<div class=\"elementor-widget-container\">\n\t\t\t\t\t\t\t\t\t<p>Restoran KOLO predstavlja pravu oazu hedonizma, neguju\u0107i spoj autenti\u010dnih ukusa i tradicionalnih jela. Mesto gde mo\u017eete u\u017eivati u ukusima najfinijih vina i rakija.<\/p>\t\t\t\t\t\t\t\t<\/div>\n\t\t\t\t<\/div>\n\t\t\t\t<div class=\"elementor-element elementor-element-e1fe2c4 elementor-widget elementor-widget-text-editor\" data-id=\"e1fe2c4\" data-element_type=\"widget\" data-e-type=\"widget\" data-widget_type=\"text-editor.default\">\n\t\t\t\t<div class=\"elementor-widget-container\">\n\t\t\t\t\t\t\t\t\t<div class=\"wpb_text_column wpb_content_element \"><div class=\"wpb_wrapper\"><p>Restoran Kolo odi\u0161e ugodnom atmosferom u kojoj se moderni stil susre\u0107e s duhom davnih vremena.<\/p><\/div><\/div>\t\t\t\t\t\t\t\t<\/div>\n\t\t\t\t<\/div>\n\t\t\t\t<div class=\"elementor-element elementor-element-9a23fc5 elementor-widget elementor-widget-text-editor\" data-id=\"9a23fc5\" data-element_type=\"widget\" data-e-type=\"widget\" data-widget_type=\"text-editor.default\">\n\t\t\t\t<div class=\"elementor-widget-container\">\n\t\t\t\t\t\t\t\t\t<div class=\"wpb_text_column wpb_content_element \"><div class=\"wpb_wrapper\"><p>Dobrodo\u0161li i u\u017eivajte u srpskim tradicionalnim ukusima sa pogledom na reku Savu.<\/p><\/div><\/div>\t\t\t\t\t\t\t\t<\/div>\n\t\t\t\t<\/div>\n\t\t\t\t\t<\/div>\n\t\t<\/div>\n\t\t\t\t\t<\/div>\n\t\t<\/section>\n\t\t\t\t\t<\/div>\n\t\t<\/div>\n\t\t\t\t<div class=\"elementor-column elementor-col-50 elementor-top-column elementor-element elementor-element-6ffc316\" data-id=\"6ffc316\" data-element_type=\"column\" data-e-type=\"column\">\n\t\t\t<div class=\"elementor-widget-wrap elementor-element-populated\">\n\t\t\t\t\t\t<div class=\"elementor-element elementor-element-21b3041 elementor-widget elementor-widget-eltdf_single_image\" data-id=\"21b3041\" data-element_type=\"widget\" data-e-type=\"widget\" data-widget_type=\"eltdf_single_image.default\">\n\t\t\t\t<div class=\"elementor-widget-container\">\n\t\t\t\t\t<div class=\"eltdf-single-image-holder     eltdf-image-appear-from-top\">\n    <div class=\"eltdf-si-inner\" >\n                                                        <img fetchpriority=\"high\" decoding=\"async\" width=\"683\" height=\"924\" src=\"https:\/\/restorankolo.com\/wp-content\/uploads\/2023\/07\/Kolo_2.png\" class=\"attachment-full size-full\" alt=\"Restaurant Kolo interior\" srcset=\"https:\/\/restorankolo.com\/wp-content\/uploads\/2023\/07\/Kolo_2.png 683w, https:\/\/restorankolo.com\/wp-content\/uploads\/2023\/07\/Kolo_2-222x300.png 222w\" sizes=\"(max-width: 683px) 100vw, 683px\" \/>                                                <\/div>\n<\/div>\t\t\t\t<\/div>\n\t\t\t\t<\/div>\n\t\t\t\t\t<\/div>\n\t\t<\/div>\n\t\t\t\t\t<\/div>\n\t\t<\/section>\n\t\t\t\t<section class=\"elementor-section elementor-top-section elementor-element elementor-element-95a6701 eltdf-elementor-row-grid-section elementor-section-boxed elementor-section-height-default elementor-section-height-default eltdf-parallax-row-no eltdf-content-aligment-left eltdf-disabled-bg-image-bellow-no\" data-id=\"95a6701\" data-element_type=\"section\" data-e-type=\"section\">\n\t\t\t\t\t\t<div class=\"elementor-container elementor-column-gap-default\">\n\t\t\t\t\t<div class=\"elementor-column elementor-col-50 elementor-top-column elementor-element elementor-element-71626df\" data-id=\"71626df\" data-element_type=\"column\" data-e-type=\"column\">\n\t\t\t<div class=\"elementor-widget-wrap elementor-element-populated\">\n\t\t\t\t\t\t<div class=\"elementor-element elementor-element-a1cfa48 elementor-widget elementor-widget-eltdf_single_image\" data-id=\"a1cfa48\" data-element_type=\"widget\" data-e-type=\"widget\" data-widget_type=\"eltdf_single_image.default\">\n\t\t\t\t<div class=\"elementor-widget-container\">\n\t\t\t\t\t<div class=\"eltdf-single-image-holder     eltdf-image-appear-from-top\">\n    <div class=\"eltdf-si-inner\" >\n                                                        <img decoding=\"async\" width=\"683\" height=\"924\" src=\"https:\/\/restorankolo.com\/wp-content\/uploads\/2023\/07\/Kolo_1.png\" class=\"attachment-full size-full\" alt=\"\" srcset=\"https:\/\/restorankolo.com\/wp-content\/uploads\/2023\/07\/Kolo_1.png 683w, https:\/\/restorankolo.com\/wp-content\/uploads\/2023\/07\/Kolo_1-222x300.png 222w\" sizes=\"(max-width: 683px) 100vw, 683px\" \/>                                                <\/div>\n<\/div>\t\t\t\t<\/div>\n\t\t\t\t<\/div>\n\t\t\t\t\t<\/div>\n\t\t<\/div>\n\t\t\t\t<div class=\"elementor-column elementor-col-50 elementor-top-column elementor-element elementor-element-4382532\" data-id=\"4382532\" data-element_type=\"column\" data-e-type=\"column\">\n\t\t\t<div class=\"elementor-widget-wrap elementor-element-populated\">\n\t\t\t\t\t\t<div class=\"elementor-element elementor-element-4e58135 elementor-widget__width-auto elementor-widget elementor-widget-eltdf_section_title\" data-id=\"4e58135\" data-element_type=\"widget\" data-e-type=\"widget\" data-widget_type=\"eltdf_section_title.default\">\n\t\t\t\t<div class=\"elementor-widget-container\">\n\t\t\t\t\t<div class=\"eltdf-section-title-holder    \" style=\"text-align: center\">\n\t<div class=\"eltdf-st-inner\">\n                    <span class=\"eltdf-st-tagline\">\n                Nacionalno            <\/span>\n        \t\t            <div class=\"eltdf-st-title-holder\">\n                                <h2 class=\"eltdf-st-title\" >\n                    kolo                <\/h2>\n                            <\/div>\n\t\t\t\t\t\t\t<\/div>\n<\/div>\t\t\t\t<\/div>\n\t\t\t\t<\/div>\n\t\t\t\t<section class=\"elementor-section elementor-inner-section elementor-element elementor-element-374d333 elementor-section-boxed elementor-section-height-default elementor-section-height-default eltdf-parallax-row-no eltdf-content-aligment-left eltdf-elementor-row-grid-no eltdf-disabled-bg-image-bellow-no\" data-id=\"374d333\" data-element_type=\"section\" data-e-type=\"section\">\n\t\t\t\t\t\t<div class=\"elementor-container elementor-column-gap-default\">\n\t\t\t\t\t<div class=\"elementor-column elementor-col-100 elementor-inner-column elementor-element elementor-element-9f0fa98\" data-id=\"9f0fa98\" data-element_type=\"column\" data-e-type=\"column\">\n\t\t\t<div class=\"elementor-widget-wrap elementor-element-populated\">\n\t\t\t\t\t\t<div class=\"elementor-element elementor-element-8d9bb64 elementor-widget elementor-widget-text-editor\" data-id=\"8d9bb64\" data-element_type=\"widget\" data-e-type=\"widget\" data-widget_type=\"text-editor.default\">\n\t\t\t\t<div class=\"elementor-widget-container\">\n\t\t\t\t\t\t\t\t\t<div class=\"wpb_text_column wpb_content_element \"><div class=\"wpb_wrapper\"><p>KOLO je srpska nacionalan igra, deo pri\u010de o tome ko smo, vrednost po kojoj nas ceo svet prepoznaje.<\/p><\/div><\/div>\t\t\t\t\t\t\t\t<\/div>\n\t\t\t\t<\/div>\n\t\t\t\t<div class=\"elementor-element elementor-element-9013a53 elementor-widget elementor-widget-text-editor\" data-id=\"9013a53\" data-element_type=\"widget\" data-e-type=\"widget\" data-widget_type=\"text-editor.default\">\n\t\t\t\t<div class=\"elementor-widget-container\">\n\t\t\t\t\t\t\t\t\t<div class=\"wpb_text_column wpb_content_element \"><div class=\"wpb_wrapper\"><p>KOLO izvode me\u0111usobno povezani igra\u010di, pri \u010demu prvi i zadnji igra\u010di imaju posebnu ulogu u odre\u0111ivanju kretanja, koje je obi\u010dno po polukru\u017enoj, a re\u0111e po spiralnoj ili zmijastoj liniji.<\/p><\/div><\/div>\t\t\t\t\t\t\t\t<\/div>\n\t\t\t\t<\/div>\n\t\t\t\t<div class=\"elementor-element elementor-element-318ee4d elementor-widget elementor-widget-text-editor\" data-id=\"318ee4d\" data-element_type=\"widget\" data-e-type=\"widget\" data-widget_type=\"text-editor.default\">\n\t\t\t\t<div class=\"elementor-widget-container\">\n\t\t\t\t\t\t\t\t\t<div class=\"wpb_text_column wpb_content_element \"><div class=\"wpb_wrapper\"><p>Najve\u0107e zabele\u017eeno KOLO \u010dinilo je vi\u0161e od 12.000 u\u010desnika obu\u010denih u narodne no\u0161nje.<\/p><p>KOLO je nekada slu\u017eilo za upoznavanje i zbli\u017eavanje, a danas ima funkciju opu\u0161tanja.<\/p><p>U KOLU\u00a0 svi gledaju jedni u druge, upu\u0107eni su na bli\u017enje do sebe, bez kojih KOLO ne postoji.<\/p><\/div><\/div>\t\t\t\t\t\t\t\t<\/div>\n\t\t\t\t<\/div>\n\t\t\t\t\t<\/div>\n\t\t<\/div>\n\t\t\t\t\t<\/div>\n\t\t<\/section>\n\t\t\t\t\t<\/div>\n\t\t<\/div>\n\t\t\t\t\t<\/div>\n\t\t<\/section>\n\t\t\t\t<section class=\"elementor-section elementor-top-section elementor-element elementor-element-7a9ce99 elementor-section-boxed elementor-section-height-default elementor-section-height-default eltdf-parallax-row-no eltdf-content-aligment-left eltdf-elementor-row-grid-no eltdf-disabled-bg-image-bellow-no\" data-id=\"7a9ce99\" data-element_type=\"section\" data-e-type=\"section\">\n\t\t\t\t\t\t<div class=\"elementor-container elementor-column-gap-default\">\n\t\t\t\t\t<div class=\"elementor-column elementor-col-100 elementor-top-column elementor-element elementor-element-5f926d2\" data-id=\"5f926d2\" data-element_type=\"column\" data-e-type=\"column\">\n\t\t\t<div class=\"elementor-widget-wrap elementor-element-populated\">\n\t\t\t\t\t\t<div class=\"elementor-element elementor-element-ddde3d0 elementor-widget elementor-widget-eltdf_testimonials\" data-id=\"ddde3d0\" data-element_type=\"widget\" data-e-type=\"widget\" data-widget_type=\"eltdf_testimonials.default\">\n\t\t\t\t<div class=\"elementor-widget-container\">\n\t\t\t\t\t<div class=\"eltdf-testimonials-holder clearfix eltdf-testimonials-standard \">\n    <div class=\"eltdf-testimonials-mark\"><\/div>\n    <div class=\"eltdf-testimonials eltdf-owl-slider\" data-number-of-items=\"1\" data-enable-loop=\"yes\" data-enable-autoplay=\"yes\" data-slider-speed=\"5000\" data-slider-speed-animation=\"600\" data-enable-navigation=\"yes\" data-enable-pagination=\"yes\" >\n\n    \n            <div class=\"eltdf-testimonial-content\" id=\"eltdf-testimonials-5868\">\n                <div class=\"eltdf-testimonial-text-holder\">\n                                                                <p class=\"eltdf-testimonial-text\">Hrana je doma\u0107a i ukusna. Usluga je brza i efikasna. Atmosfera je bila prijatna, nije bilo puno ljudi i bilo je ugodno sediti i u\u017eivati u doru\u010dku i kafi.<\/p>\n                                                                <h5 class=\"eltdf-testimonial-author\">\n                            <span class=\"eltdf-testimonials-author-name\">Nenad S.<\/span>\n                        <\/h5>\n                                                        <\/div>\n                            <\/div>\n\n    \n            <div class=\"eltdf-testimonial-content\" id=\"eltdf-testimonials-5869\">\n                <div class=\"eltdf-testimonial-text-holder\">\n                                                                <p class=\"eltdf-testimonial-text\">Probali smo samo doru\u010dak i bio je ukusan. Osoblje je tako ljubazno, uslu\u017eno i profesionalno. Tako je lepo da mo\u017eete sediti unutra i izbe\u0107i dim.<\/p>\n                                                                <h5 class=\"eltdf-testimonial-author\">\n                            <span class=\"eltdf-testimonials-author-name\">Mirko K.<\/span>\n                        <\/h5>\n                                                        <\/div>\n                            <\/div>\n\n    \n            <div class=\"eltdf-testimonial-content\" id=\"eltdf-testimonials-5870\">\n                <div class=\"eltdf-testimonial-text-holder\">\n                                                                <p class=\"eltdf-testimonial-text\">Jedno od mojih omiljenih mesta u Beogradu. Hrana je ukusna. Usluga je spektakularna, a pogledi na reku su prekrasni.<\/p>\n                                                                <h5 class=\"eltdf-testimonial-author\">\n                            <span class=\"eltdf-testimonials-author-name\">Ljiljana D.<\/span>\n                        <\/h5>\n                                                        <\/div>\n                            <\/div>\n\n    \n    <\/div>\n<\/div>\t\t\t\t<\/div>\n\t\t\t\t<\/div>\n\t\t\t\t\t<\/div>\n\t\t<\/div>\n\t\t\t\t\t<\/div>\n\t\t<\/section>\n\t\t\t\t<\/div>\n\t\t","protected":false},"excerpt":{"rendered":"<p>Restoran KOLO o nama Restoran KOLO predstavlja pravu oazu hedonizma, neguju\u0107i spoj autenti\u010dnih ukusa i tradicionalnih jela. Mesto gde mo\u017eete u\u017eivati u ukusima najfinijih vina i rakija. Restoran Kolo odi\u0161e ugodnom atmosferom u kojoj se moderni stil susre\u0107e s duhom davnih vremena. Dobrodo\u0161li i u\u017eivajte u srpskim tradicionalnim ukusima sa pogledom na reku Savu. Nacionalno kolo KOLO je srpska nacionalan [&hellip;]<\/p>\n","protected":false},"author":1,"featured_media":0,"parent":0,"menu_order":0,"comment_status":"closed","ping_status":"closed","template":"full-width.php","meta":{"footnotes":""},"class_list":["post-5834","page","type-page","status-publish","hentry"],"yoast_head":"<!-- This site is optimized with the Yoast SEO plugin v27.5 - https:\/\/yoast.com\/product\/yoast-seo-wordpress\/ -->\n<title>O nama - Restoran Kolo<\/title>\n<meta name=\"robots\" content=\"index, follow, max-snippet:-1, max-image-preview:large, max-video-preview:-1\" \/>\n<link rel=\"canonical\" href=\"https:\/\/restorankolo.com\/sr\/o-nama\/\" \/>\n<meta property=\"og:locale\" content=\"sr_RS\" \/>\n<meta property=\"og:type\" content=\"article\" \/>\n<meta property=\"og:title\" content=\"O nama - Restoran Kolo\" \/>\n<meta property=\"og:description\" content=\"Restoran KOLO o nama Restoran KOLO predstavlja pravu oazu hedonizma, neguju\u0107i spoj autenti\u010dnih ukusa i tradicionalnih jela. Mesto gde mo\u017eete u\u017eivati u ukusima najfinijih vina i rakija. Restoran Kolo odi\u0161e ugodnom atmosferom u kojoj se moderni stil susre\u0107e s duhom davnih vremena. Dobrodo\u0161li i u\u017eivajte u srpskim tradicionalnim ukusima sa pogledom na reku Savu. Nacionalno kolo KOLO je srpska nacionalan [&hellip;]\" \/>\n<meta property=\"og:url\" content=\"https:\/\/restorankolo.com\/sr\/o-nama\/\" \/>\n<meta property=\"og:site_name\" content=\"Restoran Kolo\" \/>\n<meta property=\"article:publisher\" content=\"https:\/\/www.facebook.com\/restorankolobeograd\/\" \/>\n<meta property=\"article:modified_time\" content=\"2023-09-29T16:11:25+00:00\" \/>\n<meta property=\"og:image\" content=\"https:\/\/restorankolo.com\/wp-content\/uploads\/2023\/07\/Kolo_2.png\" \/>\n<meta name=\"twitter:card\" content=\"summary_large_image\" \/>\n<meta name=\"twitter:label1\" content=\"\u041f\u0440\u043e\u0446\u0435\u045a\u0435\u043d\u043e \u0432\u0440\u0435\u043c\u0435 \u0447\u0438\u0442\u0430\u045a\u0430\" \/>\n\t<meta name=\"twitter:data1\" content=\"2 \u043c\u0438\u043d\u0443\u0442\u0430\" \/>\n<script type=\"application\/ld+json\" class=\"yoast-schema-graph\">{\"@context\":\"https:\\\/\\\/schema.org\",\"@graph\":[{\"@type\":\"WebPage\",\"@id\":\"https:\\\/\\\/restorankolo.com\\\/sr\\\/o-nama\\\/\",\"url\":\"https:\\\/\\\/restorankolo.com\\\/sr\\\/o-nama\\\/\",\"name\":\"O nama - Restoran Kolo\",\"isPartOf\":{\"@id\":\"https:\\\/\\\/restorankolo.com\\\/#website\"},\"primaryImageOfPage\":{\"@id\":\"https:\\\/\\\/restorankolo.com\\\/sr\\\/o-nama\\\/#primaryimage\"},\"image\":{\"@id\":\"https:\\\/\\\/restorankolo.com\\\/sr\\\/o-nama\\\/#primaryimage\"},\"thumbnailUrl\":\"https:\\\/\\\/restorankolo.com\\\/wp-content\\\/uploads\\\/2023\\\/07\\\/Kolo_2.png\",\"datePublished\":\"2020-04-27T12:36:14+00:00\",\"dateModified\":\"2023-09-29T16:11:25+00:00\",\"breadcrumb\":{\"@id\":\"https:\\\/\\\/restorankolo.com\\\/sr\\\/o-nama\\\/#breadcrumb\"},\"inLanguage\":\"sr-RS\",\"potentialAction\":[{\"@type\":\"ReadAction\",\"target\":[\"https:\\\/\\\/restorankolo.com\\\/sr\\\/o-nama\\\/\"]}]},{\"@type\":\"ImageObject\",\"inLanguage\":\"sr-RS\",\"@id\":\"https:\\\/\\\/restorankolo.com\\\/sr\\\/o-nama\\\/#primaryimage\",\"url\":\"https:\\\/\\\/restorankolo.com\\\/wp-content\\\/uploads\\\/2023\\\/07\\\/Kolo_2.png\",\"contentUrl\":\"https:\\\/\\\/restorankolo.com\\\/wp-content\\\/uploads\\\/2023\\\/07\\\/Kolo_2.png\"},{\"@type\":\"BreadcrumbList\",\"@id\":\"https:\\\/\\\/restorankolo.com\\\/sr\\\/o-nama\\\/#breadcrumb\",\"itemListElement\":[{\"@type\":\"ListItem\",\"position\":1,\"name\":\"Home\",\"item\":\"https:\\\/\\\/restorankolo.com\\\/\"},{\"@type\":\"ListItem\",\"position\":2,\"name\":\"O nama\"}]},{\"@type\":\"WebSite\",\"@id\":\"https:\\\/\\\/restorankolo.com\\\/#website\",\"url\":\"https:\\\/\\\/restorankolo.com\\\/\",\"name\":\"restorankolo.com\",\"description\":\"Restoran KOLO predstavlja pravu oazu hedonizma, neguju\u0107i spoj autenti\u010dnih ukusa i tradicionalnih jela.\",\"publisher\":{\"@id\":\"https:\\\/\\\/restorankolo.com\\\/#organization\"},\"potentialAction\":[{\"@type\":\"SearchAction\",\"target\":{\"@type\":\"EntryPoint\",\"urlTemplate\":\"https:\\\/\\\/restorankolo.com\\\/?s={search_term_string}\"},\"query-input\":{\"@type\":\"PropertyValueSpecification\",\"valueRequired\":true,\"valueName\":\"search_term_string\"}}],\"inLanguage\":\"sr-RS\"},{\"@type\":\"Organization\",\"@id\":\"https:\\\/\\\/restorankolo.com\\\/#organization\",\"name\":\"Restoran Kolo\",\"url\":\"https:\\\/\\\/restorankolo.com\\\/\",\"logo\":{\"@type\":\"ImageObject\",\"inLanguage\":\"sr-RS\",\"@id\":\"https:\\\/\\\/restorankolo.com\\\/#\\\/schema\\\/logo\\\/image\\\/\",\"url\":\"https:\\\/\\\/restorankolo.com\\\/wp-content\\\/uploads\\\/2023\\\/07\\\/logo-temp.jpg\",\"contentUrl\":\"https:\\\/\\\/restorankolo.com\\\/wp-content\\\/uploads\\\/2023\\\/07\\\/logo-temp.jpg\",\"width\":470,\"height\":244,\"caption\":\"Restoran Kolo\"},\"image\":{\"@id\":\"https:\\\/\\\/restorankolo.com\\\/#\\\/schema\\\/logo\\\/image\\\/\"},\"sameAs\":[\"https:\\\/\\\/www.facebook.com\\\/restorankolobeograd\\\/\",\"https:\\\/\\\/www.instagram.com\\\/kolorestoran\\\/?hl=en\"]}]}<\/script>\n<!-- \/ Yoast SEO plugin. -->","yoast_head_json":{"title":"O nama - Restoran Kolo","robots":{"index":"index","follow":"follow","max-snippet":"max-snippet:-1","max-image-preview":"max-image-preview:large","max-video-preview":"max-video-preview:-1"},"canonical":"https:\/\/restorankolo.com\/sr\/o-nama\/","og_locale":"sr_RS","og_type":"article","og_title":"O nama - Restoran Kolo","og_description":"Restoran KOLO o nama Restoran KOLO predstavlja pravu oazu hedonizma, neguju\u0107i spoj autenti\u010dnih ukusa i tradicionalnih jela. Mesto gde mo\u017eete u\u017eivati u ukusima najfinijih vina i rakija. Restoran Kolo odi\u0161e ugodnom atmosferom u kojoj se moderni stil susre\u0107e s duhom davnih vremena. Dobrodo\u0161li i u\u017eivajte u srpskim tradicionalnim ukusima sa pogledom na reku Savu. Nacionalno kolo KOLO je srpska nacionalan [&hellip;]","og_url":"https:\/\/restorankolo.com\/sr\/o-nama\/","og_site_name":"Restoran Kolo","article_publisher":"https:\/\/www.facebook.com\/restorankolobeograd\/","article_modified_time":"2023-09-29T16:11:25+00:00","og_image":[{"url":"https:\/\/restorankolo.com\/wp-content\/uploads\/2023\/07\/Kolo_2.png","type":"","width":"","height":""}],"twitter_card":"summary_large_image","twitter_misc":{"\u041f\u0440\u043e\u0446\u0435\u045a\u0435\u043d\u043e \u0432\u0440\u0435\u043c\u0435 \u0447\u0438\u0442\u0430\u045a\u0430":"2 \u043c\u0438\u043d\u0443\u0442\u0430"},"schema":{"@context":"https:\/\/schema.org","@graph":[{"@type":"WebPage","@id":"https:\/\/restorankolo.com\/sr\/o-nama\/","url":"https:\/\/restorankolo.com\/sr\/o-nama\/","name":"O nama - Restoran Kolo","isPartOf":{"@id":"https:\/\/restorankolo.com\/#website"},"primaryImageOfPage":{"@id":"https:\/\/restorankolo.com\/sr\/o-nama\/#primaryimage"},"image":{"@id":"https:\/\/restorankolo.com\/sr\/o-nama\/#primaryimage"},"thumbnailUrl":"https:\/\/restorankolo.com\/wp-content\/uploads\/2023\/07\/Kolo_2.png","datePublished":"2020-04-27T12:36:14+00:00","dateModified":"2023-09-29T16:11:25+00:00","breadcrumb":{"@id":"https:\/\/restorankolo.com\/sr\/o-nama\/#breadcrumb"},"inLanguage":"sr-RS","potentialAction":[{"@type":"ReadAction","target":["https:\/\/restorankolo.com\/sr\/o-nama\/"]}]},{"@type":"ImageObject","inLanguage":"sr-RS","@id":"https:\/\/restorankolo.com\/sr\/o-nama\/#primaryimage","url":"https:\/\/restorankolo.com\/wp-content\/uploads\/2023\/07\/Kolo_2.png","contentUrl":"https:\/\/restorankolo.com\/wp-content\/uploads\/2023\/07\/Kolo_2.png"},{"@type":"BreadcrumbList","@id":"https:\/\/restorankolo.com\/sr\/o-nama\/#breadcrumb","itemListElement":[{"@type":"ListItem","position":1,"name":"Home","item":"https:\/\/restorankolo.com\/"},{"@type":"ListItem","position":2,"name":"O nama"}]},{"@type":"WebSite","@id":"https:\/\/restorankolo.com\/#website","url":"https:\/\/restorankolo.com\/","name":"restorankolo.com","description":"Restoran KOLO predstavlja pravu oazu hedonizma, neguju\u0107i spoj autenti\u010dnih ukusa i tradicionalnih jela.","publisher":{"@id":"https:\/\/restorankolo.com\/#organization"},"potentialAction":[{"@type":"SearchAction","target":{"@type":"EntryPoint","urlTemplate":"https:\/\/restorankolo.com\/?s={search_term_string}"},"query-input":{"@type":"PropertyValueSpecification","valueRequired":true,"valueName":"search_term_string"}}],"inLanguage":"sr-RS"},{"@type":"Organization","@id":"https:\/\/restorankolo.com\/#organization","name":"Restoran Kolo","url":"https:\/\/restorankolo.com\/","logo":{"@type":"ImageObject","inLanguage":"sr-RS","@id":"https:\/\/restorankolo.com\/#\/schema\/logo\/image\/","url":"https:\/\/restorankolo.com\/wp-content\/uploads\/2023\/07\/logo-temp.jpg","contentUrl":"https:\/\/restorankolo.com\/wp-content\/uploads\/2023\/07\/logo-temp.jpg","width":470,"height":244,"caption":"Restoran Kolo"},"image":{"@id":"https:\/\/restorankolo.com\/#\/schema\/logo\/image\/"},"sameAs":["https:\/\/www.facebook.com\/restorankolobeograd\/","https:\/\/www.instagram.com\/kolorestoran\/?hl=en"]}]}},"_links":{"self":[{"href":"https:\/\/restorankolo.com\/sr\/wp-json\/wp\/v2\/pages\/5834","targetHints":{"allow":["GET"]}}],"collection":[{"href":"https:\/\/restorankolo.com\/sr\/wp-json\/wp\/v2\/pages"}],"about":[{"href":"https:\/\/restorankolo.com\/sr\/wp-json\/wp\/v2\/types\/page"}],"author":[{"embeddable":true,"href":"https:\/\/restorankolo.com\/sr\/wp-json\/wp\/v2\/users\/1"}],"replies":[{"embeddable":true,"href":"https:\/\/restorankolo.com\/sr\/wp-json\/wp\/v2\/comments?post=5834"}],"version-history":[{"count":16,"href":"https:\/\/restorankolo.com\/sr\/wp-json\/wp\/v2\/pages\/5834\/revisions"}],"predecessor-version":[{"id":6180,"href":"https:\/\/restorankolo.com\/sr\/wp-json\/wp\/v2\/pages\/5834\/revisions\/6180"}],"wp:attachment":[{"href":"https:\/\/restorankolo.com\/sr\/wp-json\/wp\/v2\/media?parent=5834"}],"curies":[{"name":"wp","href":"https:\/\/api.w.org\/{rel}","templated":true}]}}